{"id":156,"date":"2023-04-11T07:28:04","date_gmt":"2023-04-11T07:28:04","guid":{"rendered":"https:\/\/jsceramika.pl\/?page_id=156"},"modified":"2023-10-16T18:45:27","modified_gmt":"2023-10-16T16:45:27","slug":"regulamin-sklepu","status":"publish","type":"page","link":"https:\/\/jsceramika.pl\/?page_id=156","title":{"rendered":"Regulamin sklepu"},"content":{"rendered":"\t\t<div data-elementor-type=\"wp-page\" data-elementor-id=\"156\" class=\"elementor elementor-156\">\n\t\t\t\t\t\t\t\t\t<section class=\"elementor-section elementor-top-section elementor-element elementor-element-c956ca5 elementor-section-boxed elementor-section-height-default elementor-section-height-default\" data-id=\"c956ca5\" data-element_type=\"section\">\n\t\t\t\t\t\t<div class=\"elementor-container elementor-column-gap-default\">\n\t\t\t\t\t<div class=\"elementor-column elementor-col-100 elementor-top-column elementor-element elementor-element-8b39d8f\" data-id=\"8b39d8f\" data-element_type=\"column\">\n\t\t\t<div class=\"elementor-widget-wrap elementor-element-populated\">\n\t\t\t\t\t\t\t\t<div class=\"elementor-element elementor-element-d55fb15 elementor-widget elementor-widget-text-editor\" data-id=\"d55fb15\" data-element_type=\"widget\" data-widget_type=\"text-editor.default\">\n\t\t\t\t<div class=\"elementor-widget-container\">\n\t\t\t<style>\/*! elementor - v3.11.5 - 14-03-2023 *\/\n.elementor-widget-text-editor.elementor-drop-cap-view-stacked .elementor-drop-cap{background-color:#818a91;color:#fff}.elementor-widget-text-editor.elementor-drop-cap-view-framed .elementor-drop-cap{color:#818a91;border:3px solid;background-color:transparent}.elementor-widget-text-editor:not(.elementor-drop-cap-view-default) .elementor-drop-cap{margin-top:8px}.elementor-widget-text-editor:not(.elementor-drop-cap-view-default) .elementor-drop-cap-letter{width:1em;height:1em}.elementor-widget-text-editor .elementor-drop-cap{float:left;text-align:center;line-height:1;font-size:50px}.elementor-widget-text-editor .elementor-drop-cap-letter{display:inline-block}<\/style>\t\t\t\t<p><strong>Regulamin sklepu internetowego jsceramika.pl<\/strong><\/p>\n<p>1. POJ\u0118CIA, DEFINICJE<\/p>\n<p>U\u017cyte w Regulaminie poj\u0119cia oznaczaj\u0105:<\/p>\n<p>1. Klient \u2013 osoba fizyczna, osoba prawna lub jednostka organizacyjna nie b\u0119d\u0105ca osob\u0105 prawn\u0105, kt\u00f3rej przepisy szczeg\u00f3lne przyznaj\u0105 zdolno\u015b\u0107 prawn\u0105, kt\u00f3ra dokonuje Zam\u00f3wienia w ramach Sklepu;<br>2. Kodeks Cywilny \u2013 ustawa z dnia 23 kwietnia 1964 r. (Dz.U. Nr 16, poz. 93 ze zm.);<br>3. Regulamin \u2013 niniejszy Regulamin \u015bwiadczenia us\u0142ug drog\u0105 elektroniczn\u0105 w ramach sklepu internetowego www.jsceramika.pl;<br>4. Sklep Internetowy (Sklep) \u2013 serwis internetowy dost\u0119pny pod adresem jsceramika.pl za po\u015brednictwem kt\u00f3rego Klient mo\u017ce w szczeg\u00f3lno\u015bci sk\u0142ada\u0107 zam\u00f3wienia;<br>5. Towar \u2013 produkty prezentowane w Sklepie Internetowym;<br>6. Umowa sprzeda\u017cy \u2013 umowa sprzeda\u017cy Towar\u00f3w w rozumieniu Kodeksu Cywilnego, zawarta pomi\u0119dzy Justyn\u0105 Soba\u0142a a Klientem, zawierana z wykorzystaniem serwisu internetowego Sklepu;<br>7. Ustawa o szczeg\u00f3lnych warunkach sprzeda\u017cy konsumenckiej \u2013 ustawa z dnia 27 lipca 2002 r. o szczeg\u00f3lnych warunkach sprzeda\u017cy konsumenckiej oraz o zmianie Kodeksu Cywilnego (Dz.U. Nr 14p1, poz. 1176 ze zm.);<br>8. Ustawa o \u015bwiadczeniu us\u0142ug drog\u0105 elektroniczn\u0105 \u2013 ustawa z dnia 18 lipca 2002 r. o \u015bwiadczeniu us\u0142ug drog\u0105 elektroniczn\u0105 (Dz.U. Nr 144, poz. 1204 ze zm.);<br>9. Zam\u00f3wienie \u2013 o\u015bwiadczenie woli Klienta, zmierzaj\u0105ce bezpo\u015brednio do zawarcia umowy sprzeda\u017cy, okre\u015blaj\u0105ce w szczeg\u00f3lno\u015bci rodzaj, liczb\u0119 towaru oraz cen\u0119 zakupu.<br>10. Administrator &#8211; administrator danych osobowych Klienta sklepu jsceramika.pl<\/p>\n<p>2. POSTANOWIENIA OG\u00d3LNE<\/p>\n<p>1. Niniejszy Regulamin okre\u015bla zasady korzystania ze Sklepu Internetowego dost\u0119pnego pod adresem jsceramika.pl<br>2. Niniejszy Regulamin jest regulaminem, o kt\u00f3rym mowa w art. 8 Ustawy o \u015bwiadczeniu us\u0142ug drog\u0105 elektroniczn\u0105.<br>3. Sklep Internetowy, dzia\u0142aj\u0105cy pod adresem jsceramika.pl, prowadzony jest przez Justyn\u0119 Soba\u0142a, z siedzib\u0105 pod adresem: ul. Sikorskiego 13, 55-200 O\u0142awa.<br>4. Niniejszy Regulamin okre\u015bla w szczeg\u00f3lno\u015bci:<br>a) Zasady dokonywania rejestracji i korzystania z konta w ramach Sklepu Internetowego;<br>b) Warunki i zasady sk\u0142adania droga elektroniczn\u0105 Zam\u00f3wie\u0144 w ramach Sklepu Internetowego;<br>c) Zasady zawierania Um\u00f3w sprzeda\u017cy z wykorzystaniem us\u0142ug \u015bwiadczonych w ramach Sklepu Internetowego.<br>5. Klienci mog\u0105 uzyska\u0107 dost\u0119p do niniejszego Regulaminu w ka\u017cdym czasie za po\u015brednictwem odsy\u0142acza zamieszczonego na stronie g\u0142\u00f3wnej serwisu jsceramika.pl oraz sporz\u0105dzi\u0107 jego wydruk. Klient dokonuj\u0105c zakupu poprzez serwis jsceramika.pl akceptuje Regulamin i o\u015bwiadcza, \u017ce zapozna\u0142 si\u0119 z jego tre\u015bci\u0105.<br>6. Informacje o Towarach podane na stronach internetowych Sklepu, w szczeg\u00f3lno\u015bci ich opisy, parametry u\u017cytkowe oraz ceny, stanowi\u0105 zaproszenie do zawarcia umowy, w rozumieniu art. 71 kodeksu Cywilnego.<br>7. Zdj\u0119cia Towar\u00f3w umieszczane na stronach internetowych Sklepu s\u0105 przyk\u0142adowe i s\u0142u\u017c\u0105 prezentacji wskazanych na nich modeli.<br>8. Informacja o cenie podawana na stronach internetowych Sklepu ma charakter wi\u0105\u017c\u0105cy od momentu otrzymania przez Klienta e-maila zawieraj\u0105cego ostateczne potwierdzenie wszystkich istotnych element\u00f3w Zam\u00f3wienia, do ko\u0144ca realizacji Zam\u00f3wienia. Cena ta nie ulegnie zmianie niezale\u017cnie od zmian cen w Sklepie, kt\u00f3re mog\u0105 si\u0119 pojawi\u0107 w odniesieniu do poszczeg\u00f3lnych Towar\u00f3w po otrzymaniu przez klienta e-maila, o kt\u00f3rym mowa powy\u017cej.<br>9. Przedstawiona oferta cenowa na stronach sklepu jsceramika.pl ma charakter informacyjny, nie stanowi oferty handlowej w rozumieniu Art.66 par.1 Kodeksu Cywilnego oraz nie stanowi odzwierciedlenia aktualnych stan\u00f3w magazynowych.<\/p>\n<p>3. ZASADY KORZYSTANIA ZE SKLEPU INTERNETOWEGO<\/p>\n<p>1. Dla korzystania ze Sklepu Internetowego nie jest wymagana rejestracja w jego ramach.<br>2. Rejestracja w Sklepie Internetowym umo\u017cliwia korzystanie z dodatkowych us\u0142ug dotycz\u0105cych Zam\u00f3wie\u0144.<br>3. Rejestracja nast\u0119puje poprzez wype\u0142nienie i zaakceptowanie formularza rejestracyjnego, udost\u0119pnianego na jednej ze stron Sklepu.<br>4. Warunkiem rejestracji jest wyra\u017cenie zgody na tre\u015b\u0107 Regulaminu oraz podanie danych osobowych oznaczonych jako obowi\u0105zkowe.<br>5. W\u0142a\u015bciciel Sklepu mo\u017ce pozbawi\u0107 Klienta prawa do korzystania ze Sklepu, jak r\u00f3wnie\u017c mo\u017ce ograniczy\u0107 jego dost\u0119p do cz\u0119\u015bci lub ca\u0142o\u015bci zasob\u00f3w Sklepu, ze skutkiem natychmiastowym, w przypadku naruszenia przez Klienta Regulaminu, a w szczeg\u00f3lno\u015bci, gdy Klient:<br>a) Poda\u0142 w trakcie rejestracji w Sklepie dane niezgodne z prawd\u0105, niedok\u0142adne lub nieaktualne, wprowadzaj\u0105ce w b\u0142\u0105d lub naruszaj\u0105ce prawa os\u00f3b trzecich,<br>b) Dopu\u015bci\u0142 si\u0119 za po\u015brednictwem Sklepu naruszenia d\u00f3br osobistych os\u00f3b trzecich, w szczeg\u00f3lno\u015bci d\u00f3br osobistych innych Klient\u00f3w Sklepu,<br>c) Dopu\u015bci si\u0119 innych zachowa\u0144, kt\u00f3re zostan\u0105 uznane przez W\u0142a\u015bciciela Sklepu za zachowania niezgodne z obowi\u0105zuj\u0105cymi przepisami prawa lub og\u00f3lnymi zasadami korzystania z sieci Internet lub godz\u0105ce w dobre imi\u0119 W\u0142a\u015bciciela Sklepu. Osoba, kt\u00f3ra zosta\u0142a pozbawiona prawa do korzystania ze Sklepu, nie mo\u017ce dokona\u0107 powt\u00f3rnej rejestracji bez uprzedniej zgody W\u0142a\u015bciciela Sklepu jsceramika.pl.<br>6. W celu zapewnienia bezpiecze\u0144stwa przekazu komunikat\u00f3w i danych w zwi\u0105zku ze \u015bwiadczonymi w ramach Witryny us\u0142ugami, Sklep podejmuje \u015brodki techniczne i organizacyjne odpowiednie do stopnia zagro\u017cenia bezpiecze\u0144stwa \u015bwiadczonych us\u0142ug, w szczeg\u00f3lno\u015bci \u015brodki s\u0142u\u017c\u0105ce zapobieganiu pozyskiwania i modyfikacji przez osoby nieuprawnione danych osobowych przesy\u0142anych w Internecie.<br>7. Klient zobowi\u0105zany jest w szczeg\u00f3lno\u015bci do:<br>a) Niedostarczania i nieprzekazywania tre\u015bci zabronionych przez przepisy prawa, np. tre\u015bci propaguj\u0105cych przemoc, znies\u0142awiaj\u0105cych lub naruszaj\u0105cych dobra osobiste i inne prawa os\u00f3b trzecich,<br>b) Korzystania ze Sklepu w spos\u00f3b nie zak\u0142\u00f3caj\u0105cy jego funkcjonowania, w szczeg\u00f3lno\u015bci poprzez u\u017cycie okre\u015blonego oprogramowania lub urz\u0105dze\u0144,<br>c) Niepodejmowania dzia\u0142a\u0144 takich jak: rozsy\u0142anie lub umieszczanie w ramach Sklepu niezam\u00f3wionej informacji handlowej (spam),<br>d) Korzystania ze Sklepu w spos\u00f3b nieuci\u0105\u017cliwy dla innych Klient\u00f3w oraz dla W\u0142a\u015bciciela Sklepu.<br>e) Korzystania ze wszelkich tre\u015bci zamieszczonych w ramach Sklepu jedynie w zakresie w\u0142asnego u\u017cytku osobistego,<br>f) Korzystania ze Sklepu w spos\u00f3b zgodny z przepisami obowi\u0105zuj\u0105cego na terytorium Rzeczypospolitej Polskiej prawa, postanowieniami Regulaminu, a tak\u017ce z og\u00f3lnymi zasadami korzystania z sieci Internet.<\/p>\n<p>4. PROCEDURA ZAWARCIA UMOWY SPRZEDA\u017bY<\/p>\n<p>W celu zawarcia Umowy sprzeda\u017cy za po\u015brednictwem Sklepu nale\u017cy wej\u015b\u0107 na stron\u0119 internetow\u0105 <a href=\"https:\/\/jsceramika.pl\/\">jsceramika.pl<\/a>, dokona\u0107 wyboru Towaru\/Towar\u00f3w z oferty Sklepu, podejmuj\u0105c kolejne czynno\u015bci techniczne w oparciu o wy\u015bwietlane Klientowi komunikaty oraz informacje dost\u0119pne na stronie.<br>2. Wyb\u00f3r zamawianych Towar\u00f3w przez klienta jest dokonywany poprzez ich dodanie do koszyka (dodanie produktu do koszyka NIE jest r\u00f3wnoznaczne z jego rezerwacj\u0105).<br>3. W trakcie sk\u0142adania Zam\u00f3wienia \u2013 do momentu naci\u015bni\u0119cia przycisku \u201eRealizuj zam\u00f3wienie\u201d \u2013 Klient ma mo\u017cliwo\u015b\u0107 modyfikacji wprowadzonych danych oraz w zakresie wyboru Towaru. W tym celu nale\u017cy kierowa\u0107 si\u0119 wy\u015bwietlanymi Klientowi komunikatami oraz informacjami dost\u0119pnymi na stronie.<br>4. Po podaniu przez Klienta korzystaj\u0105cego ze Sklepu wszystkich niezb\u0119dnych danych, wy\u015bwietlone zostanie podsumowanie z\u0142o\u017conego Zam\u00f3wienia. Podsumowanie z\u0142o\u017conego Zam\u00f3wienia b\u0119dzie zawiera\u0107 informacje dotycz\u0105ce:<br>a) Przedmiotu zam\u00f3wienia,<br>b) Jednostkowej oraz \u0142\u0105cznej ceny zamawianych Towar\u00f3w, w tym koszt\u00f3w dostawy oraz ewentualnych rabat\u00f3w (je\u015bli wyst\u0119puj\u0105),<br>c) Wybranej metody p\u0142atno\u015bci,<br>d) Wybranego sposobu dostawy,<br>e) Adresu dostawy.<br>5. W celu wys\u0142ania i zrealizowania Zam\u00f3wienia konieczne jest dokonanie akceptacji tre\u015bci Regulaminu, podanie danych osobowych oznaczonych jako obowi\u0105zkowe oraz przyci\u015bni\u0119cie przycisku \u201eRealizuj zam\u00f3wienie\u201d.<br>6. Wys\u0142anie przez Klienta Zam\u00f3wienia stanowi o\u015bwiadczenie woli zawarcia z W\u0142a\u015bcicielem Sklepu Umowy sprzeda\u017cy, zgodnie z tre\u015bci\u0105 Regulaminu.<br>7. Po z\u0142o\u017ceniu Zam\u00f3wienia, Klient otrzymuje wiadomo\u015b\u0107 e-mail zawieraj\u0105c\u0105 ostateczne potwierdzenie wszystkich istotnych element\u00f3w Zam\u00f3wienia.<br>8. Umowa sprzeda\u017cy zawierana jest w j\u0119zyku polskim, o tre\u015bci zgodnej z Regulaminem.<br>9. Potwierdzenie zam\u00f3wienia poprzez klikni\u0119cie przycisku &#8222;Realizuj zam\u00f3wienie&#8221; r\u00f3wnoznaczne jest z wyra\u017ceniem zgody przez Kupuj\u0105cego na uiszczenie przez Niego zap\u0142aty za z\u0142o\u017cone zam\u00f3wienie w kwocie widniej\u0105cej w podsumowaniu zam\u00f3wienia (potwierdzenie takie Klient otrzymuje r\u00f3wnie\u017c w postaci wiadomo\u015bci e-mail &#8211; patrz pkt 7.).<br>10. Czas realizacji zam\u00f3wienia liczony jest w dniach roboczych (od poniedzia\u0142ku do pi\u0105tku, z wy\u0142\u0105czeniem dni wolnych od pracy).<br>11. Zam\u00f3wienia realizowane s\u0105 zgodnie z terminem podanym przy ka\u017cdym produkcie.<br>12. Termin realizacji zam\u00f3wienia liczony jest od kolejnego dnia roboczego nast\u0119puj\u0105cego po dniu zaksi\u0119gowania wp\u0142aty na koncie bankowym.<\/p>\n<p>5. DOSTAWA<\/p>\n<p>1. Dostawa Towar\u00f3w jest ograniczona do obszaru Rzeczypospolitej Polskiej i odbywa si\u0119 pod adres wskazany przez Klienta w trakcie sk\u0142adania Zam\u00f3wienia.<br>2. W przypadku wysy\u0142ki do innych kraj\u00f3w prosimy o kontakt przed zakupem w celu ustalenia koszt\u00f3w wysy\u0142ki.<br>3. Dostawa zam\u00f3wionych Towar\u00f3w odbywa si\u0119 firm\u0105 kuriersk\u0105. Ewentualne koszty dostawy zostan\u0105 wskazane w czasie sk\u0142adania Zam\u00f3wienia.<br>4. Wys\u0142anie Zam\u00f3wienia nast\u0119puje po zaksi\u0119gowaniu \u015brodk\u00f3w na rachunku bankowym.<br>5. Podczas odbioru przesy\u0142ki przez Klienta nale\u017cy sprawdzi\u0107 jej zawarto\u015b\u0107 i bez zb\u0119dnej zw\u0142oki zg\u0142osi\u0107 telefonicznie b\u0105d\u017a drog\u0105 elektroniczn\u0105 ewentualne niezgodno\u015bci lub uszkodzenie przesy\u0142ki.<\/p>\n<p>6. CENY I METODY P\u0141ATNO\u015aCI<\/p>\n<p>1. Ceny Towar\u00f3w podawane s\u0105 w z\u0142otych polskich. Ceny Towar\u00f3w dotycz\u0105 pojedynczych sztuk lub komplet\u00f3w (chyba, \u017ce w opisie towaru zaznaczono inaczej) kt\u00f3rych zawarto\u015b\u0107 jest opisana przy ka\u017cdym z wy\u015bwietlanych na stronach Sklepu Towarze.<br>2. Klient ma mo\u017cliwo\u015b\u0107 zap\u0142aty za Zam\u00f3wienie:<br>a) Przelewem tradycyjnym na numer konta bankowego 53 1050 1575 1000 0090 8281 1168 (ING) &#8211; Czas oczekiwania na zap\u0142at\u0119 wynosi 3 dni kalendarzowych. Po tym terminie zam\u00f3wienie zostaje anulowane.<br>b) Przy odbiorze osobistym w siedzibie Sklepu po wcze\u015bniejszym um\u00f3wieniu si\u0119.<\/p>\n<p>7. UPRAWNIENIA DO ODST\u0104PIENIA OD UMOWY<\/p>\n<p>1. Klientowi, b\u0119d\u0105cemu konsumentem w rozumieniu art. 22 Kodeksu Cywilnego, przys\u0142uguje \u2013 na podstawie przepis\u00f3w prawa \u2013 prawo do odst\u0105pienia od umowy zawartej na odleg\u0142o\u015b\u0107, bez podania przyczyny, sk\u0142adaj\u0105c stosowne o\u015bwiadczenie na pi\u015bmie, w terminie 14 dni i wysy\u0142aj\u0105c je na adres siedziby Sklepu podany w niniejszym Regulaminie.<br>2. Termin 14-dniowy liczy si\u0119 od dnia, w kt\u00f3rym nast\u0105pi\u0142o dostarczenie Towaru Klientowi.<br>3. W przypadku odst\u0105pienia od umowy zawartej na odleg\u0142o\u015b\u0107, umowa jest uwa\u017cana za niezawart\u0105. To, co strony \u015bwiadczy\u0142y, ulega zwrotowi w stanie niezmienionym. Justyna Soba\u0142a dokona zwrotu zap\u0142aconej ceny Towaru wraz z najni\u017cszymi oferowanymi kosztami wysy\u0142ki (chyba, \u017ce Kupuj\u0105cy nie zosta\u0142 obarczony kosztami wysy\u0142ki &#8211; wtedy nie zostan\u0105 one mu zwr\u00f3cone) na wskazany przez konsumenta numer konta bankowego w terminie 14 dni, a konsument jest zobowi\u0105zany do niezw\u0142ocznego zwrotu zakupionego Towaru na adres siedziby Sklepu w niniejszym Regulaminie.<br>4. Zwracany przez Klienta Towar powinien zosta\u0107 opakowany w odpowiedni spos\u00f3b, zapewniaj\u0105cy brak uszkodze\u0144 przesy\u0142ki w trakcie transportu.<br>5. Je\u017celi zwracany towar b\u0119dzie posiada\u0142 wyra\u017ane \u015blady u\u017cytkowania lub w jakikolwiek spos\u00f3b jego warto\u015b\u0107 zostanie obni\u017cona z winy Kupuj\u0105cego &#8211; Sklep dochodzi\u0107 b\u0119dzie odszkodowania na drodze prawnej.<br>6. Je\u017celi konsument wybra\u0142 spos\u00f3b dostarczenia rzeczy inny ni\u017c najta\u0144szy zwyk\u0142y spos\u00f3b dostarczenia oferowany przez Sklep jsceramika.pl, Sklep nie jest zobowi\u0105zany do zwrotu konsumentowi poniesionych przez niego dodatkowych koszt\u00f3w.<br>7. Koszt opakowania i odes\u0142ania Towaru ponosi Klient<br>8. Klient traci prawo do odst\u0105pienia od Umowy zawartej na odleg\u0142o\u015b\u0107 je\u017celi:<br>8.1. Przedmiotem \u015bwiadczenia jest rzecz nieprefabrykowana, <em>wyprodukowana wed\u0142ug specyfikacji konsumenta lub s\u0142u\u017c\u0105ca zaspokojeniu jego zindywidualizowanych potrzeb<\/em>.<br>8.2. <em>up\u0142yn\u0119\u0142o 14 dni<\/em> od chwili odebrania przez Klienta przedmiotu \u015bwiadczenia.<\/p>\n<p>8. REKLAMACJE DOTYCZ\u0104CE TOWAR\u00d3W<\/p>\n<p>1. Justyna Soba\u0142a jako sprzedawca odpowiada wobec Klienta b\u0119d\u0105cego konsumentem w rozumieniu art. 22 Kodeksu Cywilnego, za niezgodno\u015b\u0107 z Umow\u0105 sprzeda\u017cy Towaru zakupionego przez tego konsumenta, w zakresie okre\u015blonym Ustaw\u0105 o szczeg\u00f3lnych warunkach sprzeda\u017cy konsumenckiej.<br>2. Reklamacje, wynikaj\u0105ce z naruszenia praw Klienta gwarantowanych prawnie, lub na podstawie niniejszego Regulaminu, nale\u017cy kierowa\u0107 na adres <a href=\"mailto:kontakt@jsceramika.pl\">kontakt@jsceramika.pl<\/a>. W\u0142a\u015bciciel Sklepu zobowi\u0105zuje si\u0119 do rozpatrzenia reklamacji w terminie do 14 dni, a gdyby to nie by\u0142o mo\u017cliwe, do poinformowania w tym okresie Klienta, kiedy reklamacja zostanie rozpatrzona.<br>3. Reklamacje uszkodzonych fizycznie przesy\u0142ek z Towarem zakupionym w Sklepie jsceramika.pl b\u0119d\u0105 rozpatrywane pod warunkiem spisania w chwili odbioru przesy\u0142ki protoko\u0142u szkody lub innego w\u0142a\u015bciwego protoko\u0142u reklamacyjnego dla danego przewo\u017anika.<\/p>\n<p>9. REKLAMACJE W ZAKRESIE \u015aWIADCZENIA US\u0141UG DROG\u0104 ELEKTRONICZN\u0104<\/p>\n<p>1. W\u0142a\u015bciciel Sklepu podejmuje dzia\u0142ania w celu zapewnienia w pe\u0142ni poprawnego dzia\u0142ania Sklepu, w takim zakresie, jaki wynika z aktualnej wiedzy technicznej i zobowi\u0105zuje si\u0119 usun\u0105\u0107 w rozs\u0105dnym terminie wszelkie nieprawid\u0142owo\u015bci zg\u0142oszone przez Klient\u00f3w.<br>2. Klient zobowi\u0105zany jest niezw\u0142ocznie powiadomi\u0107 W\u0142a\u015bciciela Sklepu o wszelkich nieprawid\u0142owo\u015bciach lub przerwach w funkcjonowaniu serwisu Sklepu Internetowego.<br>3. Nieprawid\u0142owo\u015bci zwi\u0105zane z funkcjonowaniem Sklepu Klient mo\u017ce zg\u0142asza\u0107 pisemnie wysy\u0142aj\u0105c wiadomo\u015b\u0107 e-mail na adres <a href=\"mailto:kontakt@jsceramika.pl\">kontakt@jsceramika.pl<\/a> lub przy u\u017cyciu formularza kontaktowego.<br>4. W reklamacji Klient powinien poda\u0107 swoje imi\u0119 i nazwisko, adres do korespondencji, rodzaj i dat\u0119 wyst\u0105pienia nieprawid\u0142owo\u015bci zwi\u0105zanej z funkcjonowaniem Sklepu.<br>5. W\u0142a\u015bciciel Sklepu zobowi\u0105zuje si\u0119 do rozpatrzenia reklamacji w terminie do 14 dni, a gdyby to nie by\u0142o mo\u017cliwe, do poinformowania w tym okresie Klienta, kiedy reklamacja zostanie rozpatrzona.<\/p>\n<p>10. POSTANOWIENIA KO\u0143COWE<\/p>\n<p>1. Rozstrzyganie ewentualnych spor\u00f3w powsta\u0142ych pomi\u0119dzy Justyn\u0105 Saoba\u0142a a Klientem, kt\u00f3ry jest konsumentem w rozumieniu art. 22 Kodeksu Cywilnego, zostaje poddane s\u0105dom w\u0142a\u015bciwym zgodnie z postanowieniami w\u0142a\u015bciwych przepis\u00f3w Kodeksu post\u0119powania cywilnego.<br>2. W sprawach nieuregulowanych niniejszym Regulaminem maj\u0105 zastosowanie przepisy Kodeksu Cywilnego, przepisy Ustawy o \u015bwiadczeniu us\u0142ug drog\u0105 elektroniczn\u0105 oraz inne w\u0142a\u015bciwe przepisy prawa polskiego.<\/p>\t\t\t\t\t\t<\/div>\n\t\t\t\t<\/div>\n\t\t\t\t\t<\/div>\n\t\t<\/div>\n\t\t\t\t\t\t\t<\/div>\n\t\t<\/section>\n\t\t\t\t\t\t\t<\/div>\n\t\t","protected":false},"excerpt":{"rendered":"<p>Regulamin sklepu internetowego jsceramika.pl 1. POJ\u0118CIA, DEFINICJE U\u017cyte w Regulaminie poj\u0119cia oznaczaj\u0105: 1. Klient \u2013 osoba fizyczna, osoba prawna lub jednostka organizacyjna nie b\u0119d\u0105ca osob\u0105 prawn\u0105, kt\u00f3rej przepisy szczeg\u00f3lne przyznaj\u0105 zdolno\u015b\u0107 prawn\u0105, kt\u00f3ra dokonuje Zam\u00f3wienia w ramach Sklepu;2. Kodeks Cywilny \u2013 ustawa z dnia 23 kwietnia 1964 r. (Dz.U. Nr 16, poz. 93 ze zm.);3. [&hellip;]<\/p>\n","protected":false},"author":1,"featured_media":0,"parent":0,"menu_order":0,"comment_status":"closed","ping_status":"closed","template":"","meta":[],"_links":{"self":[{"href":"https:\/\/jsceramika.pl\/index.php?rest_route=\/wp\/v2\/pages\/156"}],"collection":[{"href":"https:\/\/jsceramika.pl\/index.php?rest_route=\/wp\/v2\/pages"}],"about":[{"href":"https:\/\/jsceramika.pl\/index.php?rest_route=\/wp\/v2\/types\/page"}],"author":[{"embeddable":true,"href":"https:\/\/jsceramika.pl\/index.php?rest_route=\/wp\/v2\/users\/1"}],"replies":[{"embeddable":true,"href":"https:\/\/jsceramika.pl\/index.php?rest_route=%2Fwp%2Fv2%2Fcomments&post=156"}],"version-history":[{"count":13,"href":"https:\/\/jsceramika.pl\/index.php?rest_route=\/wp\/v2\/pages\/156\/revisions"}],"predecessor-version":[{"id":1244,"href":"https:\/\/jsceramika.pl\/index.php?rest_route=\/wp\/v2\/pages\/156\/revisions\/1244"}],"wp:attachment":[{"href":"https:\/\/jsceramika.pl\/index.php?rest_route=%2Fwp%2Fv2%2Fmedia&parent=156"}],"curies":[{"name":"wp","href":"https:\/\/api.w.org\/{rel}","templated":true}]}}