{"id":6485,"date":"2025-12-08T18:00:10","date_gmt":"2025-12-08T17:00:10","guid":{"rendered":"https:\/\/jsceramika.pl\/?post_type=product&#038;p=6485"},"modified":"2026-03-23T08:59:07","modified_gmt":"2026-03-23T07:59:07","slug":"kubek-zyj-kolorowo-370-ml-7","status":"publish","type":"product","link":"https:\/\/jsceramika.pl\/?product=kubek-zyj-kolorowo-370-ml-7","title":{"rendered":"Kubek \u017byj kolorowo 370 ml (7)"},"content":{"rendered":"","protected":false},"excerpt":{"rendered":"<p>Kubek wykona\u0142am na kole garncarskim z ciemnej gliny. Nie jest idealny i posiada \u015blady moich r\u0105k. Poszkliwiony zosta\u0142 szkliwem przeznaczonym do kontaktu z \u017cywno\u015bci\u0105 oraz wypalony w wysokiej temperaturze odpowiedniej do u\u017cytej gliny. Nie ma dw\u00f3ch takich samych kubk\u00f3w, mog\u0105 delikatnie r\u00f3\u017cni\u0107 si\u0119 od siebie pojemno\u015bci\u0105, kszta\u0142tem, wzorem i efektami na szkliwie. Kolor szkliwa mo\u017ce nieznacznie r\u00f3\u017cni\u0107 si\u0119 od tego na zdj\u0119ciach. Ceramik\u0119 mo\u017cna my\u0107 w zmywarce, ale by d\u0142u\u017cej cieszy\u0107 si\u0119 pi\u0119knym szkliwem zalecam mycie r\u0119czne.<\/p>\n<p>Pojemno\u015b\u0107 370 ml<\/p>\n","protected":false},"featured_media":6535,"template":"","meta":[],"product_cat":[18],"product_tag":[],"_links":{"self":[{"href":"https:\/\/jsceramika.pl\/index.php?rest_route=\/wp\/v2\/product\/6485"}],"collection":[{"href":"https:\/\/jsceramika.pl\/index.php?rest_route=\/wp\/v2\/product"}],"about":[{"href":"https:\/\/jsceramika.pl\/index.php?rest_route=\/wp\/v2\/types\/product"}],"wp:featuredmedia":[{"embeddable":true,"href":"https:\/\/jsceramika.pl\/index.php?rest_route=\/wp\/v2\/media\/6535"}],"wp:attachment":[{"href":"https:\/\/jsceramika.pl\/index.php?rest_route=%2Fwp%2Fv2%2Fmedia&parent=6485"}],"wp:term":[{"taxonomy":"product_cat","embeddable":true,"href":"https:\/\/jsceramika.pl\/index.php?rest_route=%2Fwp%2Fv2%2Fproduct_cat&post=6485"},{"taxonomy":"product_tag","embeddable":true,"href":"https:\/\/jsceramika.pl\/index.php?rest_route=%2Fwp%2Fv2%2Fproduct_tag&post=6485"}],"curies":[{"name":"wp","href":"https:\/\/api.w.org\/{rel}","templated":true}]}}