{"id":7124,"date":"2026-02-18T18:00:01","date_gmt":"2026-02-18T17:00:01","guid":{"rendered":"https:\/\/jsceramika.pl\/?post_type=product&#038;p=7124"},"modified":"2026-04-07T12:52:47","modified_gmt":"2026-04-07T10:52:47","slug":"kawa-poranny-rytual-250g","status":"publish","type":"product","link":"https:\/\/jsceramika.pl\/?product=kawa-poranny-rytual-250g","title":{"rendered":"KAWA PORANNY RYTUA\u0141 250g"},"content":{"rendered":"","protected":false},"excerpt":{"rendered":"<p>KAWA PORANNY RYTUA\u0141 stworzona zosta\u0142a do porank\u00f3w, kt\u00f3re maj\u0105 znaczenie. Arabika z Brazylii miesza si\u0119 z Robust\u0105 z Ugandy daj\u0105c niesamowity profil smakowy: czekolada i nugat. Kawa ziarnista, \u015bwie\u017co palona, aromatyczna.<\/p>\n<p>Dla tych, kt\u00f3rzy wybieraj\u0105 jako\u015b\u0107 i autentyczno\u015b\u0107&#8230; stworzona do codziennych rytua\u0142\u00f3w, kt\u00f3re zostaj\u0105 w pami\u0119ci. D\u0142ugo palona by zniwelowa\u0107 kwasowo\u015b\u0107, a dodatkowo by wydoby\u0107 najwy\u017csz\u0105 s\u0142odycz.<\/p>\n<p>Metody parzenia: ekspres kolbowy, ekspres automatyczny, ekspres ci\u015bnieniowy, zalewajka, kawiarka.<\/p>\n<p>Kwasowo\u015b\u0107 niska, gorycz \u015brednia, s\u0142odycz \u015brednia.<\/p>\n<p>Waga 250g<\/p>\n<p>Producent: Coffeandsons<\/p>\n","protected":false},"featured_media":7346,"template":"","meta":[],"product_cat":[30],"product_tag":[],"_links":{"self":[{"href":"https:\/\/jsceramika.pl\/index.php?rest_route=\/wp\/v2\/product\/7124"}],"collection":[{"href":"https:\/\/jsceramika.pl\/index.php?rest_route=\/wp\/v2\/product"}],"about":[{"href":"https:\/\/jsceramika.pl\/index.php?rest_route=\/wp\/v2\/types\/product"}],"wp:featuredmedia":[{"embeddable":true,"href":"https:\/\/jsceramika.pl\/index.php?rest_route=\/wp\/v2\/media\/7346"}],"wp:attachment":[{"href":"https:\/\/jsceramika.pl\/index.php?rest_route=%2Fwp%2Fv2%2Fmedia&parent=7124"}],"wp:term":[{"taxonomy":"product_cat","embeddable":true,"href":"https:\/\/jsceramika.pl\/index.php?rest_route=%2Fwp%2Fv2%2Fproduct_cat&post=7124"},{"taxonomy":"product_tag","embeddable":true,"href":"https:\/\/jsceramika.pl\/index.php?rest_route=%2Fwp%2Fv2%2Fproduct_tag&post=7124"}],"curies":[{"name":"wp","href":"https:\/\/api.w.org\/{rel}","templated":true}]}}