{"id":7312,"date":"2026-03-13T18:00:57","date_gmt":"2026-03-13T17:00:57","guid":{"rendered":"https:\/\/jsceramika.pl\/?post_type=product&#038;p=7312"},"modified":"2026-03-23T08:51:08","modified_gmt":"2026-03-23T07:51:08","slug":"kubek-lesny-330-ml-kawa-250g-26","status":"publish","type":"product","link":"https:\/\/jsceramika.pl\/?product=kubek-lesny-330-ml-kawa-250g-26","title":{"rendered":"Kubek le\u015bny 330 ml + KAWA 250g (26)"},"content":{"rendered":"","protected":false},"excerpt":{"rendered":"<p>Zestaw zawiera kubek i kaw\u0119.<\/p>\n<p>Kubek wykona\u0142am na kole garncarskim z jasnej gliny. Nie jest idealny i posiada \u015blady moich r\u0105k. Poszkliwiony zosta\u0142 szkliwem przeznaczonym do kontaktu z \u017cywno\u015bci\u0105 oraz wypalony w wysokiej temperaturze odpowiedniej do u\u017cytej gliny. Nie ma dw\u00f3ch takich samych kubk\u00f3w, mog\u0105 delikatnie r\u00f3\u017cni\u0107 si\u0119 od siebie pojemno\u015bci\u0105, kszta\u0142tem, wzorem i efektami na szkliwie. Kolor szkliwa mo\u017ce nieznacznie r\u00f3\u017cni\u0107 si\u0119 od tego na zdj\u0119ciach. Ceramik\u0119 mo\u017cna my\u0107 w zmywarce, ale by d\u0142u\u017cej cieszy\u0107 si\u0119 pi\u0119knym szkliwem zalecam mycie r\u0119czne.<\/p>\n<p>Pojemno\u015b\u0107 330 ml<\/p>\n<p>&nbsp;<\/p>\n<p>KAWA PORANNY RYTUA\u0141 stworzona zosta\u0142a do porank\u00f3w, kt\u00f3re maj\u0105 znaczenie. Arabika z Brazylii miesza si\u0119 z Robust\u0105 z Ugandy daj\u0105c niesamowity profil smakowy: czekolada i nugat. Kawa ziarnista, \u015bwie\u017co palona, aromatyczna.<\/p>\n<p>Dla tych, kt\u00f3rzy wybieraj\u0105 jako\u015b\u0107 i autentyczno\u015b\u0107&#8230; stworzona do codziennych rytua\u0142\u00f3w, kt\u00f3re zostaj\u0105 w pami\u0119ci. D\u0142ugo palona by zniwelowa\u0107 kwasowo\u015b\u0107, a dodatkowo by wydoby\u0107 najwy\u017csz\u0105 s\u0142odycz.<\/p>\n<p>Metody parzenia: ekspres kolbowy, ekspres automatyczny, ekspres ci\u015bnieniowy, zalewajka, kawiarka.<\/p>\n<p>Kwasowo\u015b\u0107 niska, gorycz \u015brednia, s\u0142odycz \u015brednia.<\/p>\n<p>Waga 250g<\/p>\n<p>Producent: Coffeandsons<\/p>\n","protected":false},"featured_media":7417,"template":"","meta":[],"product_cat":[30,18,22],"product_tag":[],"_links":{"self":[{"href":"https:\/\/jsceramika.pl\/index.php?rest_route=\/wp\/v2\/product\/7312"}],"collection":[{"href":"https:\/\/jsceramika.pl\/index.php?rest_route=\/wp\/v2\/product"}],"about":[{"href":"https:\/\/jsceramika.pl\/index.php?rest_route=\/wp\/v2\/types\/product"}],"wp:featuredmedia":[{"embeddable":true,"href":"https:\/\/jsceramika.pl\/index.php?rest_route=\/wp\/v2\/media\/7417"}],"wp:attachment":[{"href":"https:\/\/jsceramika.pl\/index.php?rest_route=%2Fwp%2Fv2%2Fmedia&parent=7312"}],"wp:term":[{"taxonomy":"product_cat","embeddable":true,"href":"https:\/\/jsceramika.pl\/index.php?rest_route=%2Fwp%2Fv2%2Fproduct_cat&post=7312"},{"taxonomy":"product_tag","embeddable":true,"href":"https:\/\/jsceramika.pl\/index.php?rest_route=%2Fwp%2Fv2%2Fproduct_tag&post=7312"}],"curies":[{"name":"wp","href":"https:\/\/api.w.org\/{rel}","templated":true}]}}