{"id":7545,"date":"2026-04-14T20:00:50","date_gmt":"2026-04-14T18:00:50","guid":{"rendered":"https:\/\/jsceramika.pl\/?post_type=product&#038;p=7545"},"modified":"2026-04-14T20:08:55","modified_gmt":"2026-04-14T18:08:55","slug":"kubek-350-ml-14","status":"publish","type":"product","link":"https:\/\/jsceramika.pl\/?product=kubek-350-ml-14","title":{"rendered":"Kubek 350 ml (14)"},"content":{"rendered":"","protected":false},"excerpt":{"rendered":"<p>Kubek wykona\u0142am na kole garncarskim z be\u017cowej gliny. Nie jest idealny i posiada \u015blady moich r\u0105k. Poszkliwiony zosta\u0142 szkliwem przeznaczonym do kontaktu z \u017cywno\u015bci\u0105 oraz wypalony w wysokiej temperaturze odpowiedniej do u\u017cytej gliny. Nie ma dw\u00f3ch takich samych kubk\u00f3w, mog\u0105 delikatnie r\u00f3\u017cni\u0107 si\u0119 od siebie pojemno\u015bci\u0105, kszta\u0142tem, wzorem i efektami na szkliwie. Kolor szkliwa mo\u017ce nieznacznie r\u00f3\u017cni\u0107 si\u0119 od tego na zdj\u0119ciach. Ceramik\u0119 mo\u017cna my\u0107 w zmywarce, ale by d\u0142u\u017cej cieszy\u0107 si\u0119 pi\u0119knym szkliwem zalecam mycie r\u0119czne.<\/p>\n<p>Pojemno\u015b\u0107 350 ml<\/p>\n","protected":false},"featured_media":7605,"template":"","meta":[],"product_cat":[18],"product_tag":[],"_links":{"self":[{"href":"https:\/\/jsceramika.pl\/index.php?rest_route=\/wp\/v2\/product\/7545"}],"collection":[{"href":"https:\/\/jsceramika.pl\/index.php?rest_route=\/wp\/v2\/product"}],"about":[{"href":"https:\/\/jsceramika.pl\/index.php?rest_route=\/wp\/v2\/types\/product"}],"wp:featuredmedia":[{"embeddable":true,"href":"https:\/\/jsceramika.pl\/index.php?rest_route=\/wp\/v2\/media\/7605"}],"wp:attachment":[{"href":"https:\/\/jsceramika.pl\/index.php?rest_route=%2Fwp%2Fv2%2Fmedia&parent=7545"}],"wp:term":[{"taxonomy":"product_cat","embeddable":true,"href":"https:\/\/jsceramika.pl\/index.php?rest_route=%2Fwp%2Fv2%2Fproduct_cat&post=7545"},{"taxonomy":"product_tag","embeddable":true,"href":"https:\/\/jsceramika.pl\/index.php?rest_route=%2Fwp%2Fv2%2Fproduct_tag&post=7545"}],"curies":[{"name":"wp","href":"https:\/\/api.w.org\/{rel}","templated":true}]}}